{"id":400,"date":"2022-01-01T00:00:33","date_gmt":"2021-12-31T23:00:33","guid":{"rendered":"https:\/\/www.haretlandstryker.nl\/wp\/?page_id=400"},"modified":"2025-10-19T12:44:36","modified_gmt":"2025-10-19T11:44:36","slug":"nalle","status":"publish","type":"page","link":"https:\/\/www.haretlandstryker.nl\/en\/nalle\/","title":{"rendered":"Nalle"},"content":{"rendered":"<p>[et_pb_section fb_built=&#8221;1&#8243; admin_label=&#8221;Pagina Titel&#8221; _builder_version=&#8221;4.19.5&#8243; _module_preset=&#8221;b065ac19-4600-4699-8b58-7c4234527d82&#8243; custom_margin=&#8221;10px|0px|0px|0px|false|false&#8221; global_colors_info=&#8221;{}&#8221;][et_pb_row _builder_version=&#8221;4.19.5&#8243; _module_preset=&#8221;default&#8221; width=&#8221;90%&#8221; module_alignment=&#8221;center&#8221; custom_margin=&#8221;0px|0px|0px|0px|false|false&#8221; custom_padding=&#8221;0px|0px|0px|0px|false|false&#8221; global_colors_info=&#8221;{}&#8221;][et_pb_column type=&#8221;4_4&#8243; _builder_version=&#8221;4.19.1&#8243; _module_preset=&#8221;default&#8221; global_colors_info=&#8221;{}&#8221;][et_pb_text _builder_version=&#8221;4.19.5&#8243; _module_preset=&#8221;56f2c21b-893f-4e6e-ad1b-8393f6b45a07&#8243; custom_margin=&#8221;15px|0px|15px|0px|false|false&#8221; global_colors_info=&#8221;{}&#8221;]<\/p>\n<p>H\u00e5ret Landstryker\u2019s nydelige Nalle *NL<\/p>\n<p>[\/et_pb_text][\/et_pb_column][\/et_pb_row][\/et_pb_section][et_pb_section fb_built=&#8221;1&#8243; admin_label=&#8221;Menu&#8221; _builder_version=&#8221;4.19.4&#8243; _module_preset=&#8221;default&#8221; custom_margin=&#8221;0px|0px|0px|0px|false|false&#8221; custom_padding=&#8221;0px|0px|0px|0px|false|false&#8221; global_colors_info=&#8221;{}&#8221;][et_pb_row _builder_version=&#8221;4.19.4&#8243; _module_preset=&#8221;default&#8221; width=&#8221;90%&#8221; module_alignment=&#8221;center&#8221; custom_margin=&#8221;0px|0px|0px|0px|false|false&#8221; custom_padding=&#8221;0px|0px|0px|0px|false|false&#8221; global_colors_info=&#8221;{}&#8221;][et_pb_column type=&#8221;4_4&#8243; _builder_version=&#8221;4.19.1&#8243; _module_preset=&#8221;default&#8221; global_colors_info=&#8221;{}&#8221;][et_pb_menu menu_id=&#8221;11&#8243; disabled_on=&#8221;on|on|off&#8221; _builder_version=&#8221;4.19.5&#8243; _module_preset=&#8221;default&#8221; max_width=&#8221;750px&#8221; custom_margin=&#8221;15px|0px|15px|0px|false|false&#8221; custom_padding=&#8221;0px|0px|0px|0px|false|false&#8221; global_colors_info=&#8221;{}&#8221;][\/et_pb_menu][et_pb_menu menu_id=&#8221;45&#8243; _builder_version=&#8221;4.19.5&#8243; _module_preset=&#8221;29665216-a99d-4e8b-8cc6-9a0e961c99f8&#8243; global_colors_info=&#8221;{}&#8221;][\/et_pb_menu][\/et_pb_column][\/et_pb_row][\/et_pb_section][et_pb_section fb_built=&#8221;1&#8243; admin_label=&#8221;Foto en Tabel&#8221; _builder_version=&#8221;4.19.4&#8243; _module_preset=&#8221;default&#8221; custom_margin=&#8221;0px|0px|0px|0px|false|false&#8221; custom_padding=&#8221;0px|0px|0px|0px|false|false&#8221; global_colors_info=&#8221;{}&#8221;][et_pb_row _builder_version=&#8221;4.19.4&#8243; _module_preset=&#8221;default&#8221; width=&#8221;90%&#8221; module_alignment=&#8221;center&#8221; custom_margin=&#8221;0px|0px|0px|0px|false|false&#8221; custom_padding=&#8221;0px|0px|0px|0px|false|false&#8221; global_colors_info=&#8221;{}&#8221;][et_pb_column type=&#8221;4_4&#8243; _builder_version=&#8221;4.19.4&#8243; _module_preset=&#8221;default&#8221; global_colors_info=&#8221;{}&#8221;][et_pb_image src=&#8221;https:\/\/www.haretlandstryker.nl\/wp-content\/uploads\/2023\/01\/Nalle-4.jpg&#8221; show_bottom_space=&#8221;off&#8221; align=&#8221;center&#8221; admin_label=&#8221;Mingan 1&#8243; _builder_version=&#8221;4.19.5&#8243; _module_preset=&#8221;default&#8221; custom_margin=&#8221;15px|0px|15px|0px|false|false&#8221; border_width_all=&#8221;1px&#8221; border_color_all=&#8221;#000000&#8243; global_colors_info=&#8221;{}&#8221;][\/et_pb_image][et_pb_text _builder_version=&#8221;4.27.4&#8243; _module_preset=&#8221;8f30a2eb-d577-4a30-a197-9bfb070029bd&#8221; header_6_text_align=&#8221;left&#8221; header_6_text_color=&#8221;#006b13&#8243; header_6_font_size=&#8221;12px&#8221; width=&#8221;60%&#8221; width_tablet=&#8221;&#8221; width_phone=&#8221;&#8221; width_last_edited=&#8221;on|tablet&#8221; max_width=&#8221;500px&#8221; max_width_tablet=&#8221;500px&#8221; max_width_phone=&#8221;&#8221; max_width_last_edited=&#8221;on|phone&#8221; module_alignment=&#8221;center&#8221; custom_margin=&#8221;15px|0px|0px|0px|false|false&#8221; hover_enabled=&#8221;0&#8243; header_6_font_size_tablet=&#8221;11px&#8221; header_6_font_size_phone=&#8221;10px&#8221; header_6_font_size_last_edited=&#8221;on|phone&#8221; custom_css_main_element=&#8221;align-self: center;&#8221; border_width_all=&#8221;0px&#8221; border_color_all=&#8221;#000000&#8243; global_colors_info=&#8221;{}&#8221; sticky_enabled=&#8221;0&#8243;]<\/p>\n<div class=\"tg-wrap\">\n<table style=\"height: 10px; border-collapse: collapse; border: 2px solid #006b13;\">\n<tbody>\n<tr style=\"height: 10px;\">\n<td style=\"height: 10px; width: 70.3833px;\">\n<h5>NFO<\/h5>\n<\/td>\n<td style=\"text-align: left; height: 10px; width: 221.217px;\">\n<h5>n 09 23 \/ zwart gestreept met wit<\/h5>\n<h6>GSD IV n\/n PKdef. n\/n HCM normaal (2022, 2024)<\/h6>\n<\/td>\n<\/tr>\n<tr style=\"text-align: left;\">\n<td style=\"height: 10px; width: 70.3833px;\">\n<h5>Geboren<\/h5>\n<\/td>\n<td style=\"height: 10px; width: 221.217px;\">\n<h5>01-09-2017<\/h5>\n<\/td>\n<\/tr>\n<tr style=\"text-align: left;\">\n<td style=\"height: 10px; width: 70.3833px;\">\n<h5>Vader<\/h5>\n<\/td>\n<td style=\"height: 10px; width: 221.217px;\">\n<h5>Langlifis ok Heilla&#8217;s Fjolsvid<span style=\"color: #ff0000;\"><br \/><\/span><\/h5>\n<\/td>\n<\/tr>\n<tr style=\"text-align: left;\">\n<td style=\"height: 10px; width: 70.3833px;\">\n<h5>Moeder<\/h5>\n<\/td>\n<td style=\"height: 10px; width: 221.217px;\">\n<h5>H\u00e5ret Landstryker&#8217;s Bl\u00e5 Blomme<span style=\"color: #ff0000;\"><br \/><\/span><\/h5>\n<\/td>\n<\/tr>\n<tr style=\"height: 10px;\">\n<td style=\"text-align: left; height: 10px; width: 70.3833px;\">\n<h5>Fokker<\/h5>\n<\/td>\n<td style=\"height: 10px; width: 221.217px;\">\n<h5>H\u00e5ret Landstryker<\/h5>\n<\/td>\n<\/tr>\n<\/tbody>\n<\/table>\n<\/div>\n<p>[\/et_pb_text][et_pb_text admin_label=&#8221;Stamboomlink&#8221; _builder_version=&#8221;4.19.5&#8243; _module_preset=&#8221;8f30a2eb-d577-4a30-a197-9bfb070029bd&#8221; header_4_font=&#8221;|700|||on|||#000066|&#8221; header_4_text_color=&#8221;#000066&#8243; width=&#8221;100%&#8221; module_alignment=&#8221;center&#8221; custom_margin=&#8221;15px|0px||0px|false|false&#8221; link_option_url=&#8221;https:\/\/www.pawpeds.com\/db\/?a=p&#038;id=1372854&#038;g=4&#038;p=nfo&#038;date=iso&#038;o=ajgrep&#8221; link_option_url_new_window=&#8221;on&#8221; global_colors_info=&#8221;{}&#8221;]<\/p>\n<h4 style=\"text-align: center;\">Stamboom<\/h4>\n<p>[\/et_pb_text][\/et_pb_column][\/et_pb_row][\/et_pb_section][et_pb_section fb_built=&#8221;1&#8243; admin_label=&#8221;Verhaal + Fotos&#8221; _builder_version=&#8221;4.19.5&#8243; _module_preset=&#8221;default&#8221; custom_margin=&#8221;0px|0px|30px|0px|false|false&#8221; custom_padding=&#8221;0px|0px|0px|0px|false|false&#8221; global_colors_info=&#8221;{}&#8221;][et_pb_row _builder_version=&#8221;4.19.4&#8243; _module_preset=&#8221;default&#8221; width=&#8221;90%&#8221; module_alignment=&#8221;center&#8221; custom_margin=&#8221;0px|0px|0px|0px|false|false&#8221; custom_padding=&#8221;0px|0px|0px|0px|false|false&#8221; global_colors_info=&#8221;{}&#8221;][et_pb_column type=&#8221;4_4&#8243; _builder_version=&#8221;4.19.4&#8243; _module_preset=&#8221;default&#8221; global_colors_info=&#8221;{}&#8221;][et_pb_text admin_label=&#8221;Verhaal&#8221; _builder_version=&#8221;4.27.4&#8243; _module_preset=&#8221;default&#8221; header_4_font=&#8221;Times New Roman|700|||||||&#8221; header_5_text_align=&#8221;left&#8221; max_width=&#8221;725px&#8221; module_alignment=&#8221;center&#8221; custom_margin=&#8221;15px|0px|15px|0px|false|false&#8221; global_colors_info=&#8221;{}&#8221;]<\/p>\n<h5>Na 5 keer een veelbelovend poesje aangeschaft te hebben voor een mooie combi met onze Nalle, na 5 teleurstellingen omdat het prachtige poesje door verschillende oorzaken niet geschikt bleek voor de fok en het moederschap, hebben we besloten onze prachtige Nalle te laten helpen en is hij nu kater-af en kastraat. Tijd om aan de volgende fase van zijn leven te beginnen.<\/h5>\n<p>[\/et_pb_text][\/et_pb_column][\/et_pb_row][et_pb_row column_structure=&#8221;1_2,1_2&#8243; use_custom_gutter=&#8221;on&#8221; _builder_version=&#8221;4.19.5&#8243; _module_preset=&#8221;default&#8221; width=&#8221;90%&#8221; max_width=&#8221;700px&#8221; module_alignment=&#8221;center&#8221; custom_margin=&#8221;0px|0px|0px|0px|false|false&#8221; custom_padding=&#8221;0px|0px|0px|0px|false|false&#8221; global_colors_info=&#8221;{}&#8221;][et_pb_column type=&#8221;1_2&#8243; _builder_version=&#8221;4.19.4&#8243; _module_preset=&#8221;default&#8221; custom_padding=&#8221;0px|0px|0px|0px|false|false&#8221; global_colors_info=&#8221;{}&#8221;][et_pb_image src=&#8221;https:\/\/www.haretlandstryker.nl\/wp-content\/uploads\/2023\/01\/Nalle-1A-400.jpg&#8221; align=&#8221;center&#8221; admin_label=&#8221;Afbeelding&#8221; _builder_version=&#8221;4.19.5&#8243; _module_preset=&#8221;default&#8221; custom_margin=&#8221;7px|0px|7px|0px|false|false&#8221; custom_padding=&#8221;|7px||7px|false|false&#8221; border_width_all=&#8221;1px&#8221; border_color_all=&#8221;#000000&#8243; global_colors_info=&#8221;{}&#8221;][\/et_pb_image][\/et_pb_column][et_pb_column type=&#8221;1_2&#8243; _builder_version=&#8221;4.19.4&#8243; _module_preset=&#8221;default&#8221; custom_padding=&#8221;0px|0px|0px|0px|false|false&#8221; global_colors_info=&#8221;{}&#8221;][et_pb_image src=&#8221;https:\/\/www.haretlandstryker.nl\/wp-content\/uploads\/2023\/01\/Nalle-1B-400.jpg&#8221; align=&#8221;center&#8221; _builder_version=&#8221;4.19.5&#8243; _module_preset=&#8221;default&#8221; custom_margin=&#8221;7px|0px|7px|0px|false|false&#8221; custom_padding=&#8221;|7px||7px|false|false&#8221; border_width_all=&#8221;1px&#8221; border_color_all=&#8221;#000000&#8243; global_colors_info=&#8221;{}&#8221;][\/et_pb_image][\/et_pb_column][\/et_pb_row][et_pb_row column_structure=&#8221;1_2,1_2&#8243; use_custom_gutter=&#8221;on&#8221; _builder_version=&#8221;4.19.5&#8243; _module_preset=&#8221;default&#8221; width=&#8221;90%&#8221; max_width=&#8221;700px&#8221; module_alignment=&#8221;center&#8221; custom_margin=&#8221;0px|0px|0px|0px|false|false&#8221; custom_padding=&#8221;0px|0px|0px|0px|false|false&#8221; global_colors_info=&#8221;{}&#8221;][et_pb_column type=&#8221;1_2&#8243; _builder_version=&#8221;4.19.4&#8243; _module_preset=&#8221;default&#8221; custom_padding=&#8221;0px|0px|0px|0px|false|false&#8221; global_colors_info=&#8221;{}&#8221;][et_pb_image src=&#8221;https:\/\/www.haretlandstryker.nl\/wp-content\/uploads\/2023\/01\/Nalle-2A-400.jpg&#8221; align=&#8221;center&#8221; admin_label=&#8221;Afbeelding&#8221; _builder_version=&#8221;4.19.5&#8243; _module_preset=&#8221;default&#8221; custom_margin=&#8221;7px|0px|7px|0px|false|false&#8221; custom_padding=&#8221;|7px||7px|false|false&#8221; border_width_all=&#8221;1px&#8221; border_color_all=&#8221;#000000&#8243; global_colors_info=&#8221;{}&#8221;][\/et_pb_image][\/et_pb_column][et_pb_column type=&#8221;1_2&#8243; _builder_version=&#8221;4.19.4&#8243; _module_preset=&#8221;default&#8221; custom_padding=&#8221;0px|0px|0px|0px|false|false&#8221; global_colors_info=&#8221;{}&#8221;][et_pb_image src=&#8221;https:\/\/www.haretlandstryker.nl\/wp-content\/uploads\/2023\/01\/Nalle-2B-400.jpg&#8221; align=&#8221;center&#8221; _builder_version=&#8221;4.19.5&#8243; _module_preset=&#8221;default&#8221; custom_margin=&#8221;7px|0px|7px|0px|false|false&#8221; custom_padding=&#8221;|7px||7px|false|false&#8221; border_width_all=&#8221;1px&#8221; border_color_all=&#8221;#000000&#8243; global_colors_info=&#8221;{}&#8221;][\/et_pb_image][\/et_pb_column][\/et_pb_row][\/et_pb_section]<\/p>\n","protected":false},"excerpt":{"rendered":"<p>H\u00e5ret Landstryker\u2019s nydelige Nalle *NL NFO n 09 23 \/ zwart gestreept met wit GSD IV n\/n PKdef. n\/n HCM normaal (2022, 2024) Geboren 01-09-2017 Vader Langlifis ok Heilla&#8217;s Fjolsvid Moeder H\u00e5ret Landstryker&#8217;s Bl\u00e5 Blomme Fokker H\u00e5ret Landstryker StamboomNa 5 keer een veelbelovend poesje aangeschaft te hebben voor een mooie combi met onze Nalle, na [&hellip;]<\/p>\n","protected":false},"author":1,"featured_media":0,"parent":0,"menu_order":0,"comment_status":"closed","ping_status":"closed","template":"page-template-blank.php","meta":{"_et_pb_use_builder":"on","_et_pb_old_content":"","_et_gb_content_width":"","footnotes":""},"class_list":["post-400","page","type-page","status-publish","hentry"],"yoast_head":"<!-- This site is optimized with the Yoast SEO plugin v27.3 - https:\/\/yoast.com\/product\/yoast-seo-wordpress\/ -->\n<title>H\u00e5ret Landstryker | Nalle<\/title>\n<meta name=\"robots\" content=\"index, follow, max-snippet:-1, max-image-preview:large, max-video-preview:-1\" \/>\n<link rel=\"canonical\" href=\"https:\/\/www.haretlandstryker.nl\/en\/nalle\/\" \/>\n<meta property=\"og:locale\" content=\"en_US\" \/>\n<meta property=\"og:type\" content=\"article\" \/>\n<meta property=\"og:title\" content=\"H\u00e5ret Landstryker | Nalle\" \/>\n<meta property=\"og:description\" content=\"H\u00e5ret Landstryker\u2019s nydelige Nalle *NL NFO n 09 23 \/ zwart gestreept met wit GSD IV n\/n PKdef. n\/n HCM normaal (2022, 2024) Geboren 01-09-2017 Vader Langlifis ok Heilla&#039;s Fjolsvid Moeder H\u00e5ret Landstryker&#039;s Bl\u00e5 Blomme Fokker H\u00e5ret Landstryker StamboomNa 5 keer een veelbelovend poesje aangeschaft te hebben voor een mooie combi met onze Nalle, na [&hellip;]\" \/>\n<meta property=\"og:url\" content=\"https:\/\/www.haretlandstryker.nl\/en\/nalle\/\" \/>\n<meta property=\"og:site_name\" content=\"H\u00e5ret Landstryker\" \/>\n<meta property=\"article:modified_time\" content=\"2025-10-19T11:44:36+00:00\" \/>\n<meta name=\"twitter:card\" content=\"summary_large_image\" \/>\n<meta name=\"twitter:label1\" content=\"Est. reading time\" \/>\n\t<meta name=\"twitter:data1\" content=\"6 minutes\" \/>\n<script type=\"application\/ld+json\" class=\"yoast-schema-graph\">{\"@context\":\"https:\\\/\\\/schema.org\",\"@graph\":[{\"@type\":\"WebPage\",\"@id\":\"https:\\\/\\\/www.haretlandstryker.nl\\\/nalle\\\/\",\"url\":\"https:\\\/\\\/www.haretlandstryker.nl\\\/nalle\\\/\",\"name\":\"H\u00e5ret Landstryker | Nalle\",\"isPartOf\":{\"@id\":\"https:\\\/\\\/www.haretlandstryker.nl\\\/#website\"},\"datePublished\":\"2021-12-31T23:00:33+00:00\",\"dateModified\":\"2025-10-19T11:44:36+00:00\",\"breadcrumb\":{\"@id\":\"https:\\\/\\\/www.haretlandstryker.nl\\\/nalle\\\/#breadcrumb\"},\"inLanguage\":\"en-US\",\"potentialAction\":[{\"@type\":\"ReadAction\",\"target\":[\"https:\\\/\\\/www.haretlandstryker.nl\\\/nalle\\\/\"]}]},{\"@type\":\"BreadcrumbList\",\"@id\":\"https:\\\/\\\/www.haretlandstryker.nl\\\/nalle\\\/#breadcrumb\",\"itemListElement\":[{\"@type\":\"ListItem\",\"position\":1,\"name\":\"Home\",\"item\":\"https:\\\/\\\/www.haretlandstryker.nl\\\/\"},{\"@type\":\"ListItem\",\"position\":2,\"name\":\"Nalle\"}]},{\"@type\":\"WebSite\",\"@id\":\"https:\\\/\\\/www.haretlandstryker.nl\\\/#website\",\"url\":\"https:\\\/\\\/www.haretlandstryker.nl\\\/\",\"name\":\"H\u00e5ret Landstryker\",\"description\":\"Noorse Boskatten Cattery\",\"publisher\":{\"@id\":\"https:\\\/\\\/www.haretlandstryker.nl\\\/#organization\"},\"potentialAction\":[{\"@type\":\"SearchAction\",\"target\":{\"@type\":\"EntryPoint\",\"urlTemplate\":\"https:\\\/\\\/www.haretlandstryker.nl\\\/?s={search_term_string}\"},\"query-input\":{\"@type\":\"PropertyValueSpecification\",\"valueRequired\":true,\"valueName\":\"search_term_string\"}}],\"inLanguage\":\"en-US\"},{\"@type\":\"Organization\",\"@id\":\"https:\\\/\\\/www.haretlandstryker.nl\\\/#organization\",\"name\":\"H\u00e5ret Landsryker\",\"alternateName\":\"Noorse Boskatten Cattery H\u00e5ret Landsryker\",\"url\":\"https:\\\/\\\/www.haretlandstryker.nl\\\/\",\"logo\":{\"@type\":\"ImageObject\",\"inLanguage\":\"en-US\",\"@id\":\"https:\\\/\\\/www.haretlandstryker.nl\\\/#\\\/schema\\\/logo\\\/image\\\/\",\"url\":\"https:\\\/\\\/www.haretlandstryker.nl\\\/wp-content\\\/uploads\\\/2023\\\/01\\\/Nieuwe-logo.jpg\",\"contentUrl\":\"https:\\\/\\\/www.haretlandstryker.nl\\\/wp-content\\\/uploads\\\/2023\\\/01\\\/Nieuwe-logo.jpg\",\"width\":319,\"height\":426,\"caption\":\"H\u00e5ret Landsryker\"},\"image\":{\"@id\":\"https:\\\/\\\/www.haretlandstryker.nl\\\/#\\\/schema\\\/logo\\\/image\\\/\"}}]}<\/script>\n<!-- \/ Yoast SEO plugin. -->","yoast_head_json":{"title":"H\u00e5ret Landstryker | Nalle","robots":{"index":"index","follow":"follow","max-snippet":"max-snippet:-1","max-image-preview":"max-image-preview:large","max-video-preview":"max-video-preview:-1"},"canonical":"https:\/\/www.haretlandstryker.nl\/en\/nalle\/","og_locale":"en_US","og_type":"article","og_title":"H\u00e5ret Landstryker | Nalle","og_description":"H\u00e5ret Landstryker\u2019s nydelige Nalle *NL NFO n 09 23 \/ zwart gestreept met wit GSD IV n\/n PKdef. n\/n HCM normaal (2022, 2024) Geboren 01-09-2017 Vader Langlifis ok Heilla's Fjolsvid Moeder H\u00e5ret Landstryker's Bl\u00e5 Blomme Fokker H\u00e5ret Landstryker StamboomNa 5 keer een veelbelovend poesje aangeschaft te hebben voor een mooie combi met onze Nalle, na [&hellip;]","og_url":"https:\/\/www.haretlandstryker.nl\/en\/nalle\/","og_site_name":"H\u00e5ret Landstryker","article_modified_time":"2025-10-19T11:44:36+00:00","twitter_card":"summary_large_image","twitter_misc":{"Est. reading time":"6 minutes"},"schema":{"@context":"https:\/\/schema.org","@graph":[{"@type":"WebPage","@id":"https:\/\/www.haretlandstryker.nl\/nalle\/","url":"https:\/\/www.haretlandstryker.nl\/nalle\/","name":"H\u00e5ret Landstryker | Nalle","isPartOf":{"@id":"https:\/\/www.haretlandstryker.nl\/#website"},"datePublished":"2021-12-31T23:00:33+00:00","dateModified":"2025-10-19T11:44:36+00:00","breadcrumb":{"@id":"https:\/\/www.haretlandstryker.nl\/nalle\/#breadcrumb"},"inLanguage":"en-US","potentialAction":[{"@type":"ReadAction","target":["https:\/\/www.haretlandstryker.nl\/nalle\/"]}]},{"@type":"BreadcrumbList","@id":"https:\/\/www.haretlandstryker.nl\/nalle\/#breadcrumb","itemListElement":[{"@type":"ListItem","position":1,"name":"Home","item":"https:\/\/www.haretlandstryker.nl\/"},{"@type":"ListItem","position":2,"name":"Nalle"}]},{"@type":"WebSite","@id":"https:\/\/www.haretlandstryker.nl\/#website","url":"https:\/\/www.haretlandstryker.nl\/","name":"H\u00e5ret Landstryker","description":"Noorse Boskatten Cattery","publisher":{"@id":"https:\/\/www.haretlandstryker.nl\/#organization"},"potentialAction":[{"@type":"SearchAction","target":{"@type":"EntryPoint","urlTemplate":"https:\/\/www.haretlandstryker.nl\/?s={search_term_string}"},"query-input":{"@type":"PropertyValueSpecification","valueRequired":true,"valueName":"search_term_string"}}],"inLanguage":"en-US"},{"@type":"Organization","@id":"https:\/\/www.haretlandstryker.nl\/#organization","name":"H\u00e5ret Landsryker","alternateName":"Noorse Boskatten Cattery H\u00e5ret Landsryker","url":"https:\/\/www.haretlandstryker.nl\/","logo":{"@type":"ImageObject","inLanguage":"en-US","@id":"https:\/\/www.haretlandstryker.nl\/#\/schema\/logo\/image\/","url":"https:\/\/www.haretlandstryker.nl\/wp-content\/uploads\/2023\/01\/Nieuwe-logo.jpg","contentUrl":"https:\/\/www.haretlandstryker.nl\/wp-content\/uploads\/2023\/01\/Nieuwe-logo.jpg","width":319,"height":426,"caption":"H\u00e5ret Landsryker"},"image":{"@id":"https:\/\/www.haretlandstryker.nl\/#\/schema\/logo\/image\/"}}]}},"_links":{"self":[{"href":"https:\/\/www.haretlandstryker.nl\/en\/wp-json\/wp\/v2\/pages\/400","targetHints":{"allow":["GET"]}}],"collection":[{"href":"https:\/\/www.haretlandstryker.nl\/en\/wp-json\/wp\/v2\/pages"}],"about":[{"href":"https:\/\/www.haretlandstryker.nl\/en\/wp-json\/wp\/v2\/types\/page"}],"author":[{"embeddable":true,"href":"https:\/\/www.haretlandstryker.nl\/en\/wp-json\/wp\/v2\/users\/1"}],"replies":[{"embeddable":true,"href":"https:\/\/www.haretlandstryker.nl\/en\/wp-json\/wp\/v2\/comments?post=400"}],"version-history":[{"count":4,"href":"https:\/\/www.haretlandstryker.nl\/en\/wp-json\/wp\/v2\/pages\/400\/revisions"}],"predecessor-version":[{"id":3157,"href":"https:\/\/www.haretlandstryker.nl\/en\/wp-json\/wp\/v2\/pages\/400\/revisions\/3157"}],"wp:attachment":[{"href":"https:\/\/www.haretlandstryker.nl\/en\/wp-json\/wp\/v2\/media?parent=400"}],"curies":[{"name":"wp","href":"https:\/\/api.w.org\/{rel}","templated":true}]}}